{"id":4380,"date":"2026-03-04T14:41:43","date_gmt":"2026-03-04T13:41:43","guid":{"rendered":"https:\/\/jti.adsontest.com\/?page_id=4380"},"modified":"2026-03-04T14:47:40","modified_gmt":"2026-03-04T13:47:40","slug":"privatlivspolitik","status":"publish","type":"page","link":"https:\/\/jti-gulv.dk\/en\/privatlivspolitik\/","title":{"rendered":"Privatlivspolitik"},"content":{"rendered":"<div data-elementor-type=\"wp-page\" data-elementor-id=\"4380\" class=\"elementor elementor-4380\" data-elementor-settings=\"{&quot;ha_cmc_init_switcher&quot;:&quot;no&quot;}\" data-elementor-post-type=\"page\">\n\t\t\t\t<div class=\"elementor-element elementor-element-e0538e2 e-flex e-con-boxed e-con e-parent\" data-id=\"e0538e2\" data-element_type=\"container\" data-e-type=\"container\" data-settings=\"{&quot;background_background&quot;:&quot;classic&quot;,&quot;_ha_eqh_enable&quot;:false}\">\n\t\t\t\t\t<div class=\"e-con-inner\">\n\t\t\t\t\t<\/div>\n\t\t\t\t<\/div>\n\t\t<div class=\"elementor-element elementor-element-683830e e-flex e-con-boxed e-con e-parent\" data-id=\"683830e\" data-element_type=\"container\" data-e-type=\"container\" data-settings=\"{&quot;_ha_eqh_enable&quot;:false}\">\n\t\t\t\t\t<div class=\"e-con-inner\">\n\t\t\t\t<div class=\"elementor-element elementor-element-5f89cf0 elementor-widget elementor-widget-text-editor\" data-id=\"5f89cf0\" data-element_type=\"widget\" data-e-type=\"widget\" data-widget_type=\"text-editor.default\">\n\t\t\t\t<div class=\"elementor-widget-container\">\n\t\t\t\t\t\t\t\t\t<p>Hos JTI Gulventreprise A\/S tager vi beskyttelsen af dine personoplysninger alvorligt. Denne privatlivspolitik forklarer, hvordan vi indsamler, anvender og beskytter de oplysninger, du giver os via vores hjemmeside.<\/p><h2>1. Dataansvarlig<\/h2><p>Den dataansvarlige for behandlingen af dine personoplysninger er:<\/p><p><strong>JTI Gulventreprise A\/S<\/strong><br \/>Storegade 15<br \/>6740 Bramming<br \/>Telefon: +45 75 17 32 48<br \/>Email: <a href=\"mailto:cl@jti-gulv.dk\">cl@jti-gulv.dk<\/a><br \/>Hjemmeside: jti-gulv.dk<\/p><p>Hvis du har sp\u00f8rgsm\u00e5l til vores behandling af dine oplysninger, er du altid velkommen til at kontakte os.<\/p><p>\u00a0<\/p><p>\u00a0<\/p><hr \/><h2>\u00a0<\/h2><h2>2. Hvilke oplysninger vi indsamler<\/h2><p>N\u00e5r du bruger vores hjemmeside, kan vi indsamle f\u00f8lgende oplysninger:<\/p><h3>Kontaktformular<\/h3><p>N\u00e5r du udfylder vores kontaktformular, indsamler vi:<\/p><ul><li><p>Name<\/p><\/li><li><p>Emailadresse<\/p><\/li><li><p>Besked \/ meddelelse<\/p><\/li><\/ul><p>Disse oplysninger bruges udelukkende til at kunne besvare din henvendelse.<\/p><p>Oplysningerne sendes til vores email og kan ogs\u00e5 blive gemt i vores WordPress-system.<\/p><p>\u00a0<\/p><p>\u00a0<\/p><hr \/><h3>\u00a0<\/h3><h3>Jobans\u00f8gninger<\/h3><p>Hvis du sender en jobans\u00f8gning til os via email, behandler vi de personoplysninger, du selv sender i forbindelse med ans\u00f8gningen.<\/p><p>Oplysningerne bruges kun til at vurdere din ans\u00f8gning.<\/p><p>\u00a0<\/p><p>\u00a0<\/p><hr \/><h3>\u00a0<\/h3><h3>Statistik og analyse<\/h3><p>Vi anvender f\u00f8lgende v\u00e6rkt\u00f8jer til statistik og markedsf\u00f8ring:<\/p><ul><li><p>Google Analytics<\/p><\/li><li><p>Google Tag Manager<\/p><\/li><li><p>Meta Pixel (Facebook Pixel)<\/p><\/li><\/ul><p>Disse v\u00e6rkt\u00f8jer hj\u00e6lper os med at analysere trafikken p\u00e5 hjemmesiden og forbedre brugeroplevelsen.<\/p><p>De kan indsamle oplysninger s\u00e5som:<\/p><ul><li><p>IP-adresse<\/p><\/li><li><p>hvilke sider du bes\u00f8ger<\/p><\/li><li><p>hvor l\u00e6nge du bes\u00f8ger siden<\/p><\/li><li><p>hvilken enhed og browser du bruger<\/p><\/li><\/ul><p>\u00a0<\/p><p>\u00a0<\/p><hr \/><h2>\u00a0<\/h2><h2>3. Cookies<\/h2><p>Vores hjemmeside anvender cookies til statistik og markedsf\u00f8ring.<\/p><p>Cookies er sm\u00e5 tekstfiler, som gemmes p\u00e5 din enhed, n\u00e5r du bes\u00f8ger vores hjemmeside.<\/p><p>Du kan altid \u00e6ndre eller tilbagekalde dit samtykke via vores cookie-banner.<\/p><p>\u00a0<\/p><p>\u00a0<\/p><hr \/><h2>\u00a0<\/h2><h2>4. Hosting<\/h2><p>Vores hjemmeside hostes hos <strong>Ads on<\/strong>, som opbevarer data p\u00e5 sikre servere.<\/p><p>\u00a0<\/p><p>\u00a0<\/p><hr \/><h2>\u00a0<\/h2><p>\u00a0<\/p><h2>5. Opbevaring af oplysninger<\/h2><p>Vi opbevarer kun dine personoplysninger s\u00e5 l\u00e6nge, det er n\u00f8dvendigt til det form\u00e5l, de er indsamlet til.<\/p><p>Kontaktformularer opbevares typisk kun s\u00e5 l\u00e6nge, det er n\u00f8dvendigt for at h\u00e5ndtere din henvendelse.<\/p><p>Jobans\u00f8gninger slettes, n\u00e5r rekrutteringsprocessen er afsluttet, medmindre andet er aftalt.<\/p><p>\u00a0<\/p><p>\u00a0<\/p><p>\u00a0<\/p><hr \/><h2>\u00a0<\/h2><h2>6. Videregivelse af oplysninger<\/h2><p>Vi videregiver ikke dine personoplysninger til tredjeparter, medmindre det er n\u00f8dvendigt for at drive vores hjemmeside eller overholde lovgivningen.<\/p><p>Dog kan data blive behandlet af vores tekniske leverand\u00f8rer, eksempelvis:<\/p><ul><li><p>Webhosting (Hostinger)<\/p><\/li><li><p>Analysev\u00e6rkt\u00f8jer som Google Analytics<\/p><\/li><li><p>Markedsf\u00f8ringsv\u00e6rkt\u00f8jer som Meta Pixel<\/p><\/li><\/ul><p>\u00a0<\/p><p>\u00a0<\/p><p>\u00a0<\/p><hr \/><h2>\u00a0<\/h2><h2>7. Dine rettigheder<\/h2><p>Du har efter databeskyttelsesforordningen f\u00f8lgende rettigheder:<\/p><ul><li><p>Ret til at f\u00e5 indsigt i dine oplysninger<\/p><\/li><li><p>Ret til at f\u00e5 rettet urigtige oplysninger<\/p><\/li><li><p>Ret til at f\u00e5 slettet dine oplysninger<\/p><\/li><li><p>Ret til at begr\u00e6nse behandlingen<\/p><\/li><li><p>Ret til at g\u00f8re indsigelse mod behandlingen<\/p><\/li><\/ul><p>Hvis du \u00f8nsker at g\u00f8re brug af dine rettigheder, kan du kontakte os via email.<\/p><p>\u00a0<\/p><p>\u00a0<\/p><hr \/><h2>\u00a0<\/h2><h2>8. Klage til Datatilsynet<\/h2><p>Hvis du mener, at vores behandling af dine personoplysninger er i strid med lovgivningen, har du mulighed for at klage til:<\/p><p><strong>Datatilsynet<\/strong><br \/><a href=\"http:\/\/www.datatilsynet.dk\/\" target=\"_blank\" rel=\"noopener\">www.datatilsynet.dk<\/a><\/p><p>\u00a0<\/p><p>\u00a0<\/p><hr \/><h2>\u00a0<\/h2><h2>9. \u00c6ndringer i privatlivspolitikken<\/h2><p>Vi forbeholder os retten til at opdatere denne privatlivspolitik, hvis der sker \u00e6ndringer i vores behandling af personoplysninger eller i g\u00e6ldende lovgivning.<\/p><p>Den seneste version vil altid v\u00e6re tilg\u00e6ngelig p\u00e5 vores hjemmeside.<\/p><p>\u00a0<\/p>\t\t\t\t\t\t\t\t<\/div>\n\t\t\t\t<\/div>\n\t\t\t\t\t<\/div>\n\t\t\t\t<\/div>\n\t\t\t\t<\/div>","protected":false},"excerpt":{"rendered":"<p>Hos JTI Gulventreprise A\/S tager vi beskyttelsen af dine personoplysninger alvorligt. Denne privatlivspolitik forklarer, hvordan vi indsamler, anvender og beskytter de oplysninger, du giver os via vores hjemmeside. 1. Dataansvarlig Den dataansvarlige for behandlingen af dine personoplysninger er: JTI Gulventreprise A\/SStoregade 156740 BrammingTelefon: +45 75 17 32 48Email: cl@jti-gulv.dkHjemmeside: jti-gulv.dk Hvis du har sp\u00f8rgsm\u00e5l til [&hellip;]<\/p>\n","protected":false},"author":3,"featured_media":0,"parent":0,"menu_order":12,"comment_status":"closed","ping_status":"closed","template":"","meta":{"footnotes":""},"class_list":["post-4380","page","type-page","status-publish","hentry"],"_links":{"self":[{"href":"https:\/\/jti-gulv.dk\/en\/wp-json\/wp\/v2\/pages\/4380","targetHints":{"allow":["GET"]}}],"collection":[{"href":"https:\/\/jti-gulv.dk\/en\/wp-json\/wp\/v2\/pages"}],"about":[{"href":"https:\/\/jti-gulv.dk\/en\/wp-json\/wp\/v2\/types\/page"}],"author":[{"embeddable":true,"href":"https:\/\/jti-gulv.dk\/en\/wp-json\/wp\/v2\/users\/3"}],"replies":[{"embeddable":true,"href":"https:\/\/jti-gulv.dk\/en\/wp-json\/wp\/v2\/comments?post=4380"}],"version-history":[{"count":4,"href":"https:\/\/jti-gulv.dk\/en\/wp-json\/wp\/v2\/pages\/4380\/revisions"}],"predecessor-version":[{"id":4384,"href":"https:\/\/jti-gulv.dk\/en\/wp-json\/wp\/v2\/pages\/4380\/revisions\/4384"}],"wp:attachment":[{"href":"https:\/\/jti-gulv.dk\/en\/wp-json\/wp\/v2\/media?parent=4380"}],"curies":[{"name":"wp","href":"https:\/\/api.w.org\/{rel}","templated":true}]}}