{"id":592,"date":"2020-06-19T11:37:55","date_gmt":"2020-06-19T09:37:55","guid":{"rendered":"http:\/\/jti-gulv.dk\/?page_id=592"},"modified":"2026-03-03T14:10:27","modified_gmt":"2026-03-03T13:10:27","slug":"job","status":"publish","type":"page","link":"https:\/\/jti-gulv.dk\/en\/job\/","title":{"rendered":"Job"},"content":{"rendered":"<div data-elementor-type=\"wp-page\" data-elementor-id=\"592\" class=\"elementor elementor-592\" data-elementor-settings=\"{&quot;ha_cmc_init_switcher&quot;:&quot;no&quot;}\" data-elementor-post-type=\"page\">\n\t\t\t\t<div class=\"elementor-element elementor-element-3bf57da e-flex e-con-boxed e-con e-parent\" data-id=\"3bf57da\" data-element_type=\"container\" data-e-type=\"container\" data-settings=\"{&quot;background_background&quot;:&quot;classic&quot;,&quot;_ha_eqh_enable&quot;:false}\">\n\t\t\t\t\t<div class=\"e-con-inner\">\n\t\t\t\t\t<\/div>\n\t\t\t\t<\/div>\n\t\t<div class=\"elementor-element elementor-element-df5421d e-flex e-con-boxed e-con e-parent\" data-id=\"df5421d\" data-element_type=\"container\" data-e-type=\"container\" data-settings=\"{&quot;_ha_eqh_enable&quot;:false}\">\n\t\t\t\t\t<div class=\"e-con-inner\">\n\t\t\t\t<div class=\"elementor-element elementor-element-db4399d elementor-widget elementor-widget-heading\" data-id=\"db4399d\" data-element_type=\"widget\" data-e-type=\"widget\" data-widget_type=\"heading.default\">\n\t\t\t\t<div class=\"elementor-widget-container\">\n\t\t\t\t\t<h1 class=\"elementor-heading-title elementor-size-default\">Be a part of JTI Gulventreprise A\/S<\/h1>\t\t\t\t<\/div>\n\t\t\t\t<\/div>\n\t\t\t\t<div class=\"elementor-element elementor-element-61cc26a elementor-widget-divider--view-line elementor-invisible elementor-widget elementor-widget-divider\" data-id=\"61cc26a\" data-element_type=\"widget\" data-e-type=\"widget\" data-settings=\"{&quot;_animation&quot;:&quot;slideInLeft&quot;}\" data-widget_type=\"divider.default\">\n\t\t\t\t<div class=\"elementor-widget-container\">\n\t\t\t\t\t\t\t<div class=\"elementor-divider\">\n\t\t\t<span class=\"elementor-divider-separator\">\n\t\t\t\t\t\t<\/span>\n\t\t<\/div>\n\t\t\t\t\t\t<\/div>\n\t\t\t\t<\/div>\n\t\t\t\t<div class=\"elementor-element elementor-element-76a58e2 elementor-widget elementor-widget-text-editor\" data-id=\"76a58e2\" data-element_type=\"widget\" data-e-type=\"widget\" data-widget_type=\"text-editor.default\">\n\t\t\t\t<div class=\"elementor-widget-container\">\n\t\t\t\t\t\t\t\t\t<p data-start=\"167\" data-end=\"267\">At JTI Gulventreprise A\/S, quality, professionalism, and cooperation in the centre. We work with epoxy, polyurethane and specialgulve on exciting projects in the whole of Europe.<br data-start=\"589\" data-end=\"592\" \/>Here you can see our current vacancies \u2013 maybe it's you, we are lacking on the team?<\/p>\t\t\t\t\t\t\t\t<\/div>\n\t\t\t\t<\/div>\n\t\t\t\t<div class=\"elementor-element elementor-element-c454136 elementor-align-justify elementor-widget__width-initial elementor-widget-tablet__width-initial elementor-widget elementor-widget-button\" data-id=\"c454136\" data-element_type=\"widget\" data-e-type=\"widget\" data-widget_type=\"button.default\">\n\t\t\t\t<div class=\"elementor-widget-container\">\n\t\t\t\t\t\t\t\t\t<div class=\"elementor-button-wrapper\">\n\t\t\t\t\t<a class=\"elementor-button elementor-button-link elementor-size-sm elementor-animation-grow\" href=\"#stillinger\">\n\t\t\t\t\t\t<span class=\"elementor-button-content-wrapper\">\n\t\t\t\t\t\t<span class=\"elementor-button-icon\">\n\t\t\t\t<i aria-hidden=\"true\" class=\"fas fa-arrow-down\"><\/i>\t\t\t<\/span>\n\t\t\t\t\t\t\t\t\t<span class=\"elementor-button-text\">See available positions<\/span>\n\t\t\t\t\t<\/span>\n\t\t\t\t\t<\/a>\n\t\t\t\t<\/div>\n\t\t\t\t\t\t\t\t<\/div>\n\t\t\t\t<\/div>\n\t\t\t\t\t<\/div>\n\t\t\t\t<\/div>\n\t\t<div class=\"elementor-element elementor-element-5cb5894 e-con-full e-flex e-con e-parent\" data-id=\"5cb5894\" data-element_type=\"container\" data-e-type=\"container\" id=\"stillinger\" data-settings=\"{&quot;background_background&quot;:&quot;classic&quot;,&quot;_ha_eqh_enable&quot;:false}\">\n\t\t<div class=\"elementor-element elementor-element-a8d15be e-grid e-con-boxed e-con e-child\" data-id=\"a8d15be\" data-element_type=\"container\" data-e-type=\"container\" data-settings=\"{&quot;background_background&quot;:&quot;gradient&quot;,&quot;_ha_eqh_enable&quot;:false}\">\n\t\t\t\t\t<div class=\"e-con-inner\">\n\t\t<div class=\"elementor-element elementor-element-853eead animated-slow e-flex e-con-boxed elementor-invisible e-con e-child\" data-id=\"853eead\" data-element_type=\"container\" data-e-type=\"container\" data-settings=\"{&quot;background_background&quot;:&quot;classic&quot;,&quot;animation&quot;:&quot;fadeInUp&quot;,&quot;animation_mobile&quot;:&quot;none&quot;,&quot;_ha_eqh_enable&quot;:false}\">\n\t\t\t\t\t<div class=\"e-con-inner\">\n\t\t\t\t<div class=\"elementor-element elementor-element-c6fd162 elementor-widget elementor-widget-heading\" data-id=\"c6fd162\" data-element_type=\"widget\" data-e-type=\"widget\" data-widget_type=\"heading.default\">\n\t\t\t\t<div class=\"elementor-widget-container\">\n\t\t\t\t\t<h2 class=\"elementor-heading-title elementor-size-default\">Wanted: Epoxy flooring contractor<\/h2>\t\t\t\t<\/div>\n\t\t\t\t<\/div>\n\t\t\t\t<div class=\"elementor-element elementor-element-c87c1d0 elementor-widget elementor-widget-text-editor\" data-id=\"c87c1d0\" data-element_type=\"widget\" data-e-type=\"widget\" data-widget_type=\"text-editor.default\">\n\t\t\t\t<div class=\"elementor-widget-container\">\n\t\t\t\t\t\t\t\t\t<p><span data-contrast=\"auto\">Are you our new epoxy flooring contractor?<\/span><span data-ccp-props=\"{}\">\u00a0<\/span><\/p><p><span data-contrast=\"auto\">At JTI Gulventreprise A\/S we are looking for a talented and committed flooring contractor that has experience with epoxy, polyurethane, and float trowel, and who are ready to take on new and exciting challenges.<\/span><span data-ccp-props=\"{}\">\u00a0<\/span><\/p>\t\t\t\t\t\t\t\t<\/div>\n\t\t\t\t<\/div>\n\t\t\t\t<div class=\"elementor-element elementor-element-2ea5349 elementor-align-justify elementor-widget__width-inherit elementor-widget elementor-widget-button\" data-id=\"2ea5349\" data-element_type=\"widget\" data-e-type=\"widget\" data-widget_type=\"button.default\">\n\t\t\t\t<div class=\"elementor-widget-container\">\n\t\t\t\t\t\t\t\t\t<div class=\"elementor-button-wrapper\">\n\t\t\t\t\t<a class=\"elementor-button elementor-button-link elementor-size-sm elementor-animation-grow\" href=\"https:\/\/jti-gulv.dk\/en\/soeges-epoxy-gulvlaegger\/\">\n\t\t\t\t\t\t<span class=\"elementor-button-content-wrapper\">\n\t\t\t\t\t\t\t\t\t<span class=\"elementor-button-text\">Read more<\/span>\n\t\t\t\t\t<\/span>\n\t\t\t\t\t<\/a>\n\t\t\t\t<\/div>\n\t\t\t\t\t\t\t\t<\/div>\n\t\t\t\t<\/div>\n\t\t\t\t\t<\/div>\n\t\t\t\t<\/div>\n\t\t\t\t\t<\/div>\n\t\t\t\t<\/div>\n\t\t\t\t<\/div>\n\t\t<div class=\"elementor-element elementor-element-f4ea7c6 e-flex e-con-boxed e-con e-parent\" data-id=\"f4ea7c6\" data-element_type=\"container\" data-e-type=\"container\" data-settings=\"{&quot;background_background&quot;:&quot;classic&quot;,&quot;_ha_eqh_enable&quot;:false}\">\n\t\t\t\t\t<div class=\"e-con-inner\">\n\t\t<div class=\"elementor-element elementor-element-d37e1e9 e-con-full e-flex e-con e-child\" data-id=\"d37e1e9\" data-element_type=\"container\" data-e-type=\"container\" data-settings=\"{&quot;_ha_eqh_enable&quot;:false}\">\n\t\t\t\t<div class=\"elementor-element elementor-element-b859124 elementor-invisible elementor-widget elementor-widget-image\" data-id=\"b859124\" data-element_type=\"widget\" data-e-type=\"widget\" data-settings=\"{&quot;_animation&quot;:&quot;zoomIn&quot;}\" data-widget_type=\"image.default\">\n\t\t\t\t<div class=\"elementor-widget-container\">\n\t\t\t\t\t\t\t\t\t\t\t\t\t\t\t<img fetchpriority=\"high\" decoding=\"async\" width=\"800\" height=\"534\" src=\"https:\/\/jti-gulv.dk\/wp-content\/uploads\/2026\/02\/ChatGPT-Image-27.-feb.-2026-08.10.26-1024x683.webp\" class=\"attachment-large size-large wp-image-3658\" alt=\"Stent\u00e6ppe med JTI logo\" srcset=\"https:\/\/jti-gulv.dk\/wp-content\/uploads\/2026\/02\/ChatGPT-Image-27.-feb.-2026-08.10.26-1024x683.webp 1024w, https:\/\/jti-gulv.dk\/wp-content\/uploads\/2026\/02\/ChatGPT-Image-27.-feb.-2026-08.10.26-300x200.webp 300w, https:\/\/jti-gulv.dk\/wp-content\/uploads\/2026\/02\/ChatGPT-Image-27.-feb.-2026-08.10.26-768x512.webp 768w, https:\/\/jti-gulv.dk\/wp-content\/uploads\/2026\/02\/ChatGPT-Image-27.-feb.-2026-08.10.26-1536x1024.webp 1536w, https:\/\/jti-gulv.dk\/wp-content\/uploads\/2026\/02\/ChatGPT-Image-27.-feb.-2026-08.10.26-1200x800.webp 1200w, https:\/\/jti-gulv.dk\/wp-content\/uploads\/2026\/02\/ChatGPT-Image-27.-feb.-2026-08.10.26.webp 1600w\" sizes=\"(max-width: 800px) 100vw, 800px\" \/>\t\t\t\t\t\t\t\t\t\t\t\t\t\t\t<\/div>\n\t\t\t\t<\/div>\n\t\t\t\t<\/div>\n\t\t<div class=\"elementor-element elementor-element-6d518b0 e-con-full e-flex e-con e-child\" data-id=\"6d518b0\" data-element_type=\"container\" data-e-type=\"container\" data-settings=\"{&quot;_ha_eqh_enable&quot;:false}\">\n\t\t\t\t<div class=\"elementor-element elementor-element-09b358c elementor-widget elementor-widget-heading\" data-id=\"09b358c\" data-element_type=\"widget\" data-e-type=\"widget\" data-widget_type=\"heading.default\">\n\t\t\t\t<div class=\"elementor-widget-container\">\n\t\t\t\t\t<h2 class=\"elementor-heading-title elementor-size-default\">Send us an unsolicited application<\/h2>\t\t\t\t<\/div>\n\t\t\t\t<\/div>\n\t\t\t\t<div class=\"elementor-element elementor-element-70e30de elementor-widget elementor-widget-text-editor\" data-id=\"70e30de\" data-element_type=\"widget\" data-e-type=\"widget\" data-widget_type=\"text-editor.default\">\n\t\t\t\t<div class=\"elementor-widget-container\">\n\t\t\t\t\t\t\t\t\t<p data-start=\"165\" data-end=\"417\">Are you a skilled flooring contractor, tradesman or do you have experience with epoxy, polyurethane, flydespartel or specialgulve? At JTI Gulventreprise A\/S we are always interested in talented and dedicated employees who put quality and collaboration in mind.<\/p><p data-start=\"165\" data-end=\"417\">\u00a0<\/p><p data-start=\"419\" data-end=\"558\">Although we do not have a vacant position, we have need of your particular skills in future projects in Denmark and in the rest of Europe.<\/p><p data-start=\"419\" data-end=\"558\">\u00a0<\/p><p data-start=\"560\" data-end=\"707\">Please Send your application and CV to <strong data-start=\"589\" data-end=\"607\"><a class=\"decorated-link cursor-pointer\" href=\"mailto:cl@jti-gulv.dk\" rel=\"noopener\" data-start=\"591\" data-end=\"605\">cl@jti-gulv.dk<\/a><\/strong> \u2013 we treat all inquiries confidentially and will contact you if there is a relevant option.<\/p>\t\t\t\t\t\t\t\t<\/div>\n\t\t\t\t<\/div>\n\t\t<div class=\"elementor-element elementor-element-b61b515 e-con-full e-grid e-con e-child\" data-id=\"b61b515\" data-element_type=\"container\" data-e-type=\"container\" data-settings=\"{&quot;_ha_eqh_enable&quot;:false}\">\n\t\t\t\t<div class=\"elementor-element elementor-element-53dc9c1 elementor-align-justify elementor-widget__width-initial elementor-widget-tablet__width-initial elementor-widget-mobile__width-auto elementor-widget elementor-widget-button\" data-id=\"53dc9c1\" data-element_type=\"widget\" data-e-type=\"widget\" data-widget_type=\"button.default\">\n\t\t\t\t<div class=\"elementor-widget-container\">\n\t\t\t\t\t\t\t\t\t<div class=\"elementor-button-wrapper\">\n\t\t\t\t\t<a class=\"elementor-button elementor-button-link elementor-size-sm elementor-animation-grow\" href=\"tel:%2075%2017%2032%2048\">\n\t\t\t\t\t\t<span class=\"elementor-button-content-wrapper\">\n\t\t\t\t\t\t<span class=\"elementor-button-icon\">\n\t\t\t\t<i aria-hidden=\"true\" class=\"fas fa-phone\"><\/i>\t\t\t<\/span>\n\t\t\t\t\t\t\t\t\t<span class=\"elementor-button-text\"> 75 17 32 48<\/span>\n\t\t\t\t\t<\/span>\n\t\t\t\t\t<\/a>\n\t\t\t\t<\/div>\n\t\t\t\t\t\t\t\t<\/div>\n\t\t\t\t<\/div>\n\t\t\t\t<div class=\"elementor-element elementor-element-8c3efc5 elementor-align-justify elementor-widget__width-initial elementor-widget-tablet__width-initial elementor-widget-mobile__width-auto elementor-widget elementor-widget-button\" data-id=\"8c3efc5\" data-element_type=\"widget\" data-e-type=\"widget\" data-widget_type=\"button.default\">\n\t\t\t\t<div class=\"elementor-widget-container\">\n\t\t\t\t\t\t\t\t\t<div class=\"elementor-button-wrapper\">\n\t\t\t\t\t<a class=\"elementor-button elementor-button-link elementor-size-sm elementor-animation-grow\" href=\"mailto:cl@jti-gulv.dk\">\n\t\t\t\t\t\t<span class=\"elementor-button-content-wrapper\">\n\t\t\t\t\t\t<span class=\"elementor-button-icon\">\n\t\t\t\t<i aria-hidden=\"true\" class=\"fas fa-envelope\"><\/i>\t\t\t<\/span>\n\t\t\t\t\t\t\t\t\t<span class=\"elementor-button-text\"> cl@jti-gulv.dk<\/span>\n\t\t\t\t\t<\/span>\n\t\t\t\t\t<\/a>\n\t\t\t\t<\/div>\n\t\t\t\t\t\t\t\t<\/div>\n\t\t\t\t<\/div>\n\t\t\t\t<\/div>\n\t\t\t\t<\/div>\n\t\t\t\t\t<\/div>\n\t\t\t\t<\/div>\n\t\t\t\t<\/div>","protected":false},"excerpt":{"rendered":"<p>Bliv en del af JTI Gulventreprise A\/S Hos JTI Gulventreprise A\/S er kvalitet, faglighed og samarbejde i centrum. Vi arbejder med epoxy, polyurethan og specialgulve p\u00e5 sp\u00e6ndende projekter i hele Europa.Her kan du se vores aktuelle ledige stillinger \u2013 m\u00e5ske er det dig, vi mangler p\u00e5 holdet? Se ledige stillinger S\u00f8ges: Epoxy gulvl\u00e6gger Er du [&hellip;]<\/p>\n","protected":false},"author":1,"featured_media":0,"parent":0,"menu_order":9,"comment_status":"closed","ping_status":"closed","template":"elementor_header_footer","meta":{"footnotes":""},"class_list":["post-592","page","type-page","status-publish","hentry"],"_links":{"self":[{"href":"https:\/\/jti-gulv.dk\/en\/wp-json\/wp\/v2\/pages\/592","targetHints":{"allow":["GET"]}}],"collection":[{"href":"https:\/\/jti-gulv.dk\/en\/wp-json\/wp\/v2\/pages"}],"about":[{"href":"https:\/\/jti-gulv.dk\/en\/wp-json\/wp\/v2\/types\/page"}],"author":[{"embeddable":true,"href":"https:\/\/jti-gulv.dk\/en\/wp-json\/wp\/v2\/users\/1"}],"replies":[{"embeddable":true,"href":"https:\/\/jti-gulv.dk\/en\/wp-json\/wp\/v2\/comments?post=592"}],"version-history":[{"count":45,"href":"https:\/\/jti-gulv.dk\/en\/wp-json\/wp\/v2\/pages\/592\/revisions"}],"predecessor-version":[{"id":4303,"href":"https:\/\/jti-gulv.dk\/en\/wp-json\/wp\/v2\/pages\/592\/revisions\/4303"}],"wp:attachment":[{"href":"https:\/\/jti-gulv.dk\/en\/wp-json\/wp\/v2\/media?parent=592"}],"curies":[{"name":"wp","href":"https:\/\/api.w.org\/{rel}","templated":true}]}}